{"id":708,"date":"2023-01-20T09:40:37","date_gmt":"2023-01-20T08:40:37","guid":{"rendered":"https:\/\/msh-monumentenwacht.de\/?page_id=708"},"modified":"2024-12-05T15:22:11","modified_gmt":"2024-12-05T14:22:11","slug":"kontakt","status":"publish","type":"page","link":"https:\/\/msh-monumentenwacht.de\/en\/kontakt\/","title":{"rendered":"Contact"},"content":{"rendered":"<div data-elementor-type=\"wp-page\" data-elementor-id=\"708\" class=\"elementor elementor-708\" data-elementor-post-type=\"page\">\n\t\t\t\t<div class=\"elementor-element elementor-element-24ab69e e-flex e-con-boxed elementor-invisible e-con e-parent\" data-id=\"24ab69e\" data-element_type=\"container\" data-settings=\"{&quot;background_background&quot;:&quot;classic&quot;,&quot;animation&quot;:&quot;fadeIn&quot;}\">\n\t\t\t\t\t<div class=\"e-con-inner\">\n\t\t\t\t<div class=\"elementor-element elementor-element-72c170f elementor-widget elementor-widget-heading\" data-id=\"72c170f\" data-element_type=\"widget\" data-widget_type=\"heading.default\">\n\t\t\t\t<div class=\"elementor-widget-container\">\n\t\t\t\t\t<h1 class=\"elementor-heading-title elementor-size-default\">Contact<\/h1>\t\t\t\t<\/div>\n\t\t\t\t<\/div>\n\t\t\t\t\t<\/div>\n\t\t\t\t<\/div>\n\t\t<div class=\"elementor-element elementor-element-ddeb63d e-flex e-con-boxed e-con e-parent\" data-id=\"ddeb63d\" data-element_type=\"container\">\n\t\t\t\t\t<div class=\"e-con-inner\">\n\t\t<div class=\"elementor-element elementor-element-935c1a9 e-con-full e-flex e-con e-child\" data-id=\"935c1a9\" data-element_type=\"container\">\n\t\t<div class=\"elementor-element elementor-element-eb25fa6 e-con-full e-flex e-con e-child\" data-id=\"eb25fa6\" data-element_type=\"container\">\n\t\t\t\t<div class=\"elementor-element elementor-element-efadce0 elementor-position-left elementor-view-default elementor-mobile-position-top elementor-vertical-align-top elementor-invisible elementor-widget elementor-widget-icon-box\" data-id=\"efadce0\" data-element_type=\"widget\" data-settings=\"{&quot;_animation&quot;:&quot;fadeIn&quot;}\" data-widget_type=\"icon-box.default\">\n\t\t\t\t<div class=\"elementor-widget-container\">\n\t\t\t\t\t\t\t<div class=\"elementor-icon-box-wrapper\">\n\n\t\t\t\t\t\t<div class=\"elementor-icon-box-icon\">\n\t\t\t\t<span  class=\"elementor-icon elementor-animation-\">\n\t\t\t\t<i aria-hidden=\"true\" class=\"material-icons md-location_on\" data-md-icon=\"location_on\"><\/i>\t\t\t\t<\/span>\n\t\t\t<\/div>\n\t\t\t\n\t\t\t\t\t\t<div class=\"elementor-icon-box-content\">\n\n\t\t\t\t\t\t\t\t\t<h2 class=\"elementor-icon-box-title\">\n\t\t\t\t\t\t<span  >\n\t\t\t\t\t\t\tAddress\t\t\t\t\t\t<\/span>\n\t\t\t\t\t<\/h2>\n\t\t\t\t\n\t\t\t\t\t\t\t\t\t<p class=\"elementor-icon-box-description\">\n\t\t\t\t\t\tBormanns Berg 5<br \/>\n01705 Freital\t\t\t\t\t<\/p>\n\t\t\t\t\n\t\t\t<\/div>\n\t\t\t\n\t\t<\/div>\n\t\t\t\t\t\t<\/div>\n\t\t\t\t<\/div>\n\t\t\t\t<div class=\"elementor-element elementor-element-27f7033 elementor-position-left elementor-view-default elementor-mobile-position-top elementor-vertical-align-top elementor-invisible elementor-widget elementor-widget-icon-box\" data-id=\"27f7033\" data-element_type=\"widget\" data-settings=\"{&quot;_animation&quot;:&quot;fadeIn&quot;}\" data-widget_type=\"icon-box.default\">\n\t\t\t\t<div class=\"elementor-widget-container\">\n\t\t\t\t\t\t\t<div class=\"elementor-icon-box-wrapper\">\n\n\t\t\t\t\t\t<div class=\"elementor-icon-box-icon\">\n\t\t\t\t<span  class=\"elementor-icon elementor-animation-\">\n\t\t\t\t<i aria-hidden=\"true\" class=\"material-icons md-phone\" data-md-icon=\"phone\"><\/i>\t\t\t\t<\/span>\n\t\t\t<\/div>\n\t\t\t\n\t\t\t\t\t\t<div class=\"elementor-icon-box-content\">\n\n\t\t\t\t\t\t\t\t\t<h2 class=\"elementor-icon-box-title\">\n\t\t\t\t\t\t<span  >\n\t\t\t\t\t\t\tPhone\t\t\t\t\t\t<\/span>\n\t\t\t\t\t<\/h2>\n\t\t\t\t\n\t\t\t\t\t\t\t\t\t<p class=\"elementor-icon-box-description\">\n\t\t\t\t\t\t<a href=\"tel: 4935165217360\">+49 351 652 17 360<\/a>\t\t\t\t\t<\/p>\n\t\t\t\t\n\t\t\t<\/div>\n\t\t\t\n\t\t<\/div>\n\t\t\t\t\t\t<\/div>\n\t\t\t\t<\/div>\n\t\t\t\t<div class=\"elementor-element elementor-element-f6ddcb9 elementor-position-left elementor-view-default elementor-mobile-position-top elementor-vertical-align-top elementor-invisible elementor-widget elementor-widget-icon-box\" data-id=\"f6ddcb9\" data-element_type=\"widget\" data-settings=\"{&quot;_animation&quot;:&quot;fadeIn&quot;}\" data-widget_type=\"icon-box.default\">\n\t\t\t\t<div class=\"elementor-widget-container\">\n\t\t\t\t\t\t\t<div class=\"elementor-icon-box-wrapper\">\n\n\t\t\t\t\t\t<div class=\"elementor-icon-box-icon\">\n\t\t\t\t<span  class=\"elementor-icon elementor-animation-\">\n\t\t\t\t<i aria-hidden=\"true\" class=\"material-icons md-email\" data-md-icon=\"email\"><\/i>\t\t\t\t<\/span>\n\t\t\t<\/div>\n\t\t\t\n\t\t\t\t\t\t<div class=\"elementor-icon-box-content\">\n\n\t\t\t\t\t\t\t\t\t<h2 class=\"elementor-icon-box-title\">\n\t\t\t\t\t\t<span  >\n\t\t\t\t\t\t\tMail\t\t\t\t\t\t<\/span>\n\t\t\t\t\t<\/h2>\n\t\t\t\t\n\t\t\t\t\t\t\t\t\t<p class=\"elementor-icon-box-description\">\n\t\t\t\t\t\t<a href=\"mailto:info@msh-monumentenwacht.de\">info@msh-monumentenwacht.de<\/a>\t\t\t\t\t<\/p>\n\t\t\t\t\n\t\t\t<\/div>\n\t\t\t\n\t\t<\/div>\n\t\t\t\t\t\t<\/div>\n\t\t\t\t<\/div>\n\t\t\t\t<\/div>\n\t\t<div class=\"elementor-element elementor-element-b6f02f5 e-con-full e-flex e-con e-child\" data-id=\"b6f02f5\" data-element_type=\"container\">\n\t\t\t\t<div class=\"elementor-element elementor-element-c608bc6 elementor-invisible elementor-widget elementor-widget-image\" data-id=\"c608bc6\" data-element_type=\"widget\" data-settings=\"{&quot;_animation&quot;:&quot;fadeIn&quot;}\" data-widget_type=\"image.default\">\n\t\t\t\t<div class=\"elementor-widget-container\">\n\t\t\t\t\t\t\t\t\t\t\t\t\t\t\t<img fetchpriority=\"high\" decoding=\"async\" width=\"474\" height=\"316\" src=\"https:\/\/msh-monumentenwacht.de\/wp-content\/uploads\/2024\/12\/sylvia-hoch.webp\" class=\"attachment-large size-large wp-image-1965\" alt=\"MSH | Monumentenwacht Sachsen GmbH - Kontakt - Sylvia Hoch\" srcset=\"https:\/\/msh-monumentenwacht.de\/wp-content\/uploads\/2024\/12\/sylvia-hoch.webp 474w, https:\/\/msh-monumentenwacht.de\/wp-content\/uploads\/2024\/12\/sylvia-hoch-400x267.webp 400w, https:\/\/msh-monumentenwacht.de\/wp-content\/uploads\/2024\/12\/sylvia-hoch-18x12.webp 18w\" sizes=\"(max-width: 474px) 100vw, 474px\" \/>\t\t\t\t\t\t\t\t\t\t\t\t\t\t\t<\/div>\n\t\t\t\t<\/div>\n\t\t\t\t<div class=\"elementor-element elementor-element-29dc2e2 elementor-invisible elementor-widget elementor-widget-heading\" data-id=\"29dc2e2\" data-element_type=\"widget\" data-settings=\"{&quot;_animation&quot;:&quot;fadeIn&quot;}\" data-widget_type=\"heading.default\">\n\t\t\t\t<div class=\"elementor-widget-container\">\n\t\t\t\t\t<h2 class=\"elementor-heading-title elementor-size-default\">Sylke Hoch<\/h2>\t\t\t\t<\/div>\n\t\t\t\t<\/div>\n\t\t\t\t<div class=\"elementor-element elementor-element-edf1671 elementor-invisible elementor-widget elementor-widget-text-editor\" data-id=\"edf1671\" data-element_type=\"widget\" data-settings=\"{&quot;_animation&quot;:&quot;fadeIn&quot;}\" data-widget_type=\"text-editor.default\">\n\t\t\t\t<div class=\"elementor-widget-container\">\n\t\t\t\t\t\t\t\t\t<p>CEO<\/p>\t\t\t\t\t\t\t\t<\/div>\n\t\t\t\t<\/div>\n\t\t\t\t<div class=\"elementor-element elementor-element-30018b2 elementor-invisible elementor-widget elementor-widget-text-editor\" data-id=\"30018b2\" data-element_type=\"widget\" data-settings=\"{&quot;_animation&quot;:&quot;fadeIn&quot;}\" data-widget_type=\"text-editor.default\">\n\t\t\t\t<div class=\"elementor-widget-container\">\n\t\t\t\t\t\t\t\t\t<p>Mail: <a href=\"mailto:info@msh-monumentenwacht.de\">info@msh-monumentenwacht.de<\/a><br \/>Phone: <a href=\"tel: 4935165217360\">+49 351 652 17 360<\/a><br \/>Mobile: <a href=\"tel: 491629288238\">+49 162 928 82 38<\/a><\/p>\t\t\t\t\t\t\t\t<\/div>\n\t\t\t\t<\/div>\n\t\t\t\t<\/div>\n\t\t<div class=\"elementor-element elementor-element-750cb04 e-con-full e-flex e-con e-child\" data-id=\"750cb04\" data-element_type=\"container\">\n\t\t\t\t<div class=\"elementor-element elementor-element-eb546a7 elementor-invisible elementor-widget elementor-widget-image\" data-id=\"eb546a7\" data-element_type=\"widget\" data-settings=\"{&quot;_animation&quot;:&quot;fadeIn&quot;}\" data-widget_type=\"image.default\">\n\t\t\t\t<div class=\"elementor-widget-container\">\n\t\t\t\t\t\t\t\t\t\t\t\t\t\t\t<img decoding=\"async\" width=\"474\" height=\"316\" src=\"https:\/\/msh-monumentenwacht.de\/wp-content\/uploads\/2024\/12\/rene-wuelfing.webp\" class=\"attachment-large size-large wp-image-1966\" alt=\"MSH | Monumentenwacht Sachsen GmbH - Kontakt - Ren\u00e9 W\u00fclfing\" srcset=\"https:\/\/msh-monumentenwacht.de\/wp-content\/uploads\/2024\/12\/rene-wuelfing.webp 474w, https:\/\/msh-monumentenwacht.de\/wp-content\/uploads\/2024\/12\/rene-wuelfing-400x267.webp 400w, https:\/\/msh-monumentenwacht.de\/wp-content\/uploads\/2024\/12\/rene-wuelfing-18x12.webp 18w\" sizes=\"(max-width: 474px) 100vw, 474px\" \/>\t\t\t\t\t\t\t\t\t\t\t\t\t\t\t<\/div>\n\t\t\t\t<\/div>\n\t\t\t\t<div class=\"elementor-element elementor-element-7c4cb5c elementor-invisible elementor-widget elementor-widget-heading\" data-id=\"7c4cb5c\" data-element_type=\"widget\" data-settings=\"{&quot;_animation&quot;:&quot;fadeIn&quot;}\" data-widget_type=\"heading.default\">\n\t\t\t\t<div class=\"elementor-widget-container\">\n\t\t\t\t\t<h2 class=\"elementor-heading-title elementor-size-default\">Ren\u00e9 W\u00fclfing<\/h2>\t\t\t\t<\/div>\n\t\t\t\t<\/div>\n\t\t\t\t<div class=\"elementor-element elementor-element-a17b926 elementor-invisible elementor-widget elementor-widget-text-editor\" data-id=\"a17b926\" data-element_type=\"widget\" data-settings=\"{&quot;_animation&quot;:&quot;fadeIn&quot;}\" data-widget_type=\"text-editor.default\">\n\t\t\t\t<div class=\"elementor-widget-container\">\n\t\t\t\t\t\t\t\t\t<p>Client care<\/p>\t\t\t\t\t\t\t\t<\/div>\n\t\t\t\t<\/div>\n\t\t\t\t<div class=\"elementor-element elementor-element-40569b3 elementor-invisible elementor-widget elementor-widget-text-editor\" data-id=\"40569b3\" data-element_type=\"widget\" data-settings=\"{&quot;_animation&quot;:&quot;fadeIn&quot;}\" data-widget_type=\"text-editor.default\">\n\t\t\t\t<div class=\"elementor-widget-container\">\n\t\t\t\t\t\t\t\t\t<p>Mail: <a href=\"mailto:wuelfing@msh-monumentenwacht.de\">wuelfing@msh-monumentenwacht.de<\/a><br \/>Mobile: <a href=\"tel: 491723620800\">+49 172 362 08 00<\/a><\/p>\t\t\t\t\t\t\t\t<\/div>\n\t\t\t\t<\/div>\n\t\t\t\t<\/div>\n\t\t\t\t<\/div>\n\t\t<div class=\"elementor-element elementor-element-08dbdc6 e-con-full e-flex e-con e-child\" data-id=\"08dbdc6\" data-element_type=\"container\">\n\t\t\t\t<div class=\"elementor-element elementor-element-e8620fc elementor-invisible elementor-widget elementor-widget-text-editor\" data-id=\"e8620fc\" data-element_type=\"widget\" data-settings=\"{&quot;_animation&quot;:&quot;fadeIn&quot;}\" data-widget_type=\"text-editor.default\">\n\t\t\t\t<div class=\"elementor-widget-container\">\n\t\t\t\t\t\t\t\t\t<p class=\"translation-block\">Unfortunately, the use of our contact form is only possible if you <a href=\"#division-dsgvo-popup-einstellungen\" class=\"division-dsgvo-popup-settings\" target=\"_self\">allow the option \"Google reCAPTCHA\"<\/a> in the <a href=\"#division-dsgvo-popup-settings\" target=\"_self\">privacy settings<\/a>.<\/p>\t\t\t\t\t\t\t\t<\/div>\n\t\t\t\t<\/div>\n\t\t\t\t<div class=\"elementor-element elementor-element-5c7f458 division-dsgvo-popup-ausfuehren-google-recaptcha elementor-invisible elementor-widget elementor-widget-button\" data-id=\"5c7f458\" data-element_type=\"widget\" data-settings=\"{&quot;_animation&quot;:&quot;fadeIn&quot;}\" data-widget_type=\"button.default\">\n\t\t\t\t<div class=\"elementor-widget-container\">\n\t\t\t\t\t\t\t\t\t<div class=\"elementor-button-wrapper\">\n\t\t\t\t\t<a class=\"elementor-button elementor-button-link elementor-size-sm\" href=\"#division-dsgvo-popup-einstellungen\">\n\t\t\t\t\t\t<span class=\"elementor-button-content-wrapper\">\n\t\t\t\t\t\t\t\t\t<span class=\"elementor-button-text\">Permit<\/span>\n\t\t\t\t\t<\/span>\n\t\t\t\t\t<\/a>\n\t\t\t\t<\/div>\n\t\t\t\t\t\t\t\t<\/div>\n\t\t\t\t<\/div>\n\t\t\t\t<\/div>\n\t\t\t\t\t<\/div>\n\t\t\t\t<\/div>\n\t\t\t\t<\/div>","protected":false},"excerpt":{"rendered":"<p>Anschrift Bormanns Berg 5 01705 Freital Telefon +49 351 652 17 360 E-Mail info@msh-monumentenwacht.de Sylke Hoch Gesch\u00e4ftsf\u00fchrerin E-Mail: info@msh-monumentenwacht.deTelefon: +49 351 652 17 360Mobil: +49 162 928 82 38 Ren\u00e9 W\u00fclfing Mandantenbetreuung E-Mail: wuelfing@msh-monumentenwacht.deMobil: +49 172 362 08 00 Leider ist die Nutzung unseres Kontaktformulares nur m\u00f6glich, wenn Sie in den Datenschutzeinstellungen die Option \u201eGoogle [&hellip;]<\/p>","protected":false},"author":1,"featured_media":0,"parent":0,"menu_order":0,"comment_status":"closed","ping_status":"closed","template":"","meta":{"footnotes":""},"class_list":["post-708","page","type-page","status-publish","hentry"],"_links":{"self":[{"href":"https:\/\/msh-monumentenwacht.de\/en\/wp-json\/wp\/v2\/pages\/708","targetHints":{"allow":["GET"]}}],"collection":[{"href":"https:\/\/msh-monumentenwacht.de\/en\/wp-json\/wp\/v2\/pages"}],"about":[{"href":"https:\/\/msh-monumentenwacht.de\/en\/wp-json\/wp\/v2\/types\/page"}],"author":[{"embeddable":true,"href":"https:\/\/msh-monumentenwacht.de\/en\/wp-json\/wp\/v2\/users\/1"}],"replies":[{"embeddable":true,"href":"https:\/\/msh-monumentenwacht.de\/en\/wp-json\/wp\/v2\/comments?post=708"}],"version-history":[{"count":0,"href":"https:\/\/msh-monumentenwacht.de\/en\/wp-json\/wp\/v2\/pages\/708\/revisions"}],"wp:attachment":[{"href":"https:\/\/msh-monumentenwacht.de\/en\/wp-json\/wp\/v2\/media?parent=708"}],"curies":[{"name":"wp","href":"https:\/\/api.w.org\/{rel}","templated":true}]}}